{"id":772,"date":"2025-11-22T15:23:27","date_gmt":"2025-11-22T20:23:27","guid":{"rendered":"https:\/\/www.primaressource.com\/privacy-policy-and-terms-of-use\/"},"modified":"2026-02-18T17:39:05","modified_gmt":"2026-02-18T22:39:05","slug":"politique-de-confidentialite-et-conditions-dutilisation","status":"publish","type":"page","link":"https:\/\/www.primaressource.com\/fr\/politique-de-confidentialite-et-conditions-dutilisation\/","title":{"rendered":"Politique de confidentialit\u00e9 et conditions d&rsquo;utilisation"},"content":{"rendered":"<section class=\"section RGO01-A bg--3\">\n  <!--<div class=\"RGO01-A__wrapper wrap fullBG bgSetter\" data-backgrounds=\"\/public\/media\/8e5b8d88-ee5f-11ec-93ab-a96ae3e0219b.png?v=1747855238,\/public\/media\/8e5b7e4c-ee5f-11ec-adc7-a72617b78979.png?v=1747855238,\/public\/media\/8e5b6916-ee5f-11ec-b0dd-89bfe061dd6d.png?v=1747855238\" data-sizes=\",,\" data-positions=\"top,top,top\" data-viewports=\"414,1024,1920\" style=\"background-image: url(https:\/\/www.primaressource.com\/wp-content\/uploads\/2026\/02\/image.jpeg); background-position: top;\">-->\n  <div class=\"RGO01-A__wrapper wrap fullBG bgSetter\">\n\t<div class=\"bckg-image\"><img loading=\"lazy\" decoding=\"async\" width=\"1620\" height=\"863\" src=\"https:\/\/www.primaressource.com\/wp-content\/uploads\/2026\/02\/image.jpeg\" class=\"attachment-full size-full\" alt=\"\" srcset=\"https:\/\/www.primaressource.com\/wp-content\/uploads\/2026\/02\/image.jpeg 1620w, https:\/\/www.primaressource.com\/wp-content\/uploads\/2026\/02\/image-300x160.jpeg 300w, https:\/\/www.primaressource.com\/wp-content\/uploads\/2026\/02\/image-1024x546.jpeg 1024w, https:\/\/www.primaressource.com\/wp-content\/uploads\/2026\/02\/image-768x409.jpeg 768w, https:\/\/www.primaressource.com\/wp-content\/uploads\/2026\/02\/image-1536x818.jpeg 1536w\" sizes=\"auto, (max-width: 1620px) 100vw, 1620px\" \/><\/div>\n    <div class=\"RGO01-A__overlay\"><\/div>\n    <div class=\"RGO01-A__text\"> \n      <!-- SUBTITLE -->\n      <div class=\"subtitle margin color--0\">\n        <h1><\/h1>\n      <\/div>\n      \n      <!-- TITLE -->\n      <div class=\"title h3 margin color--0\">\n        <h2>Politique de confidentialit\u00e9 et conditions d&rsquo;utilisation<\/h2>\n      <\/div>\n      \n      <!-- TEXT -->\n      <div class=\"wysiwyg color--0\">\n              <\/div>\n      \n      <!-- BUTTONS -->\n\t\t\n\t\t    <\/div>\n  <\/div>\n<\/section>\n\n\n\n<section class=\"text-image-block layout_text_only bg--0\">\n  <div>\n\t<div class=\"text color--3\"><div class=\"wysiwyg\">\n<p>Le respect de votre vie priv\u00e9e est de la plus haute importance pour Prima Ressource.<\/p>\n<p>La politique de confidentialit\u00e9 vise \u00e0 informer l\u2019utilisateur de ce site des pratiques adopt\u00e9es \u00e0 l\u2019\u00e9gard des renseignements personnels ou confidentiels qui le concernent ou qui concernent son entreprise.<\/p>\n<p>Tout utilisateur du site est r\u00e9put\u00e9 avoir lu, accept\u00e9 et reconnu la validit\u00e9 de la Politique de confidentialit\u00e9. Si un utilisateur du site n\u2019accepte pas les termes de la Politique de confidentialit\u00e9, il doit alors cesser de l\u2019utiliser. Dans un tel cas toutefois, l\u2019utilisateur n\u2019est pas pour autant lib\u00e9r\u00e9 de ses obligations de d\u00e9claration en vertu de la l\u00e9gislation et de la r\u00e9glementation applicables.<\/p>\n<p>Prima Ressource peut, \u00e0 tout moment et sans pr\u00e9avis, modifier la Politique de confidentialit\u00e9. L\u2019utilisateur du site est pri\u00e9 de v\u00e9rifier r\u00e9guli\u00e8rement si la Politique de confidentialit\u00e9 a \u00e9t\u00e9 modifi\u00e9e. Tout utilisateur est r\u00e9put\u00e9 avoir accept\u00e9 les modifications \u00e0 la Politique de confidentialit\u00e9 s\u2019il continue \u00e0 utiliser le site apr\u00e8s une publication des modifications.<\/p>\n<p>&nbsp;<\/p>\n<p><strong>Donn\u00e9es \u00e9chang\u00e9es automatiquement\u00a0<\/strong><\/p>\n<p>Lorsque l\u2019utilisateur acc\u00e8de \u00e0 ce site, son appareil et notre infrastructure d\u2019h\u00e9bergement \u00e9changent automatiquement des donn\u00e9es. Cet \u00e9change est n\u00e9cessaire pour favoriser une exp\u00e9rience de navigation optimale. Les donn\u00e9es \u00e9chang\u00e9es sont les suivantes :<\/p>\n<ul>\n<li>adresse IP (adresse num\u00e9rique qui permet de localiser de fa\u00e7on pr\u00e9cise un ordinateur connect\u00e9 au r\u00e9seau Internet);<\/li>\n<li>type de navigateur (par exemple : Firefox, Explorer);<\/li>\n<li>pages visit\u00e9es;<\/li>\n<li>date et heure d\u2019acc\u00e8s \u00e0 ces pages;<\/li>\n<li>adresse du site r\u00e9f\u00e9rent, si l\u2019utilisateur acc\u00e8de \u00e0 ce site \u00e0 partir d\u2019un autre site Internet.<\/li>\n<\/ul>\n<p>La plupart des informations transmises automatiquement entre ordinateurs ne permettent pas de conna\u00eetre l\u2019identit\u00e9 de l\u2019utilisateur. Elles ne sont recueillies qu\u2019en raison d\u2019exigences technologiques inh\u00e9rentes \u00e0 la navigation sur Internet.<\/p>\n<p>Prima Ressource conserve ces donn\u00e9es \u00e0 des fins statistiques. Elles servent \u00e0 comptabiliser le nombre de visites et \u00e0 conna\u00eetre les pages les plus fr\u00e9quent\u00e9es, la technologie utilis\u00e9e par les visiteurs, les adresses des sites r\u00e9f\u00e9rents et le pays d\u2019origine des visiteurs.<\/p>\n<p>&nbsp;<\/p>\n<p><strong>Utilisation de t\u00e9moins (cookies)<\/strong><\/p>\n<p>Des t\u00e9moins sont utilis\u00e9s pour faciliter la navigation dans les pages de ce site. Ces t\u00e9moins ne permettent pas de recueillir des renseignements personnels au sujet de l\u2019utilisateur.<\/p>\n<p>Ces fichiers t\u00e9moins sont multiples, certains expirent lorsque l\u2019utilisateur ferme son navigateur et n\u2019ont plus d\u2019effet alors que d\u2019autres peuvent \u00eatre conserv\u00e9s.<\/p>\n<p>L\u2019utilisateur peut \u00e0 tout moment param\u00e9trer son navigateur pour qu\u2019il bloque les fichiers t\u00e9moins. Toutefois, cette action risque de priver l\u2019utilisateur de certaines fonctions offertes sur le site.<\/p>\n<p>&nbsp;<\/p>\n<p><strong>Utilisation de Google Analytics<\/strong><\/p>\n<p>Prima Ressource utilise Google Analytics, un outil de mesure d\u2019audience Web sur ce site.<\/p>\n<p>\u00c0 l\u2019aide de t\u00e9moins (cookies), Google Analytics collecte des renseignements concernant la navigation de l\u2019utilisateur sur ce site, lesquels sont conserv\u00e9s sur des serveurs situ\u00e9s notamment aux \u00c9tats-Unis. Google peut communiquer ces renseignements \u00e0 des tiers en cas d\u2019obligation l\u00e9gale ou lorsque ces tiers traitent les donn\u00e9es pour son compte.<\/p>\n<p>Les renseignements collect\u00e9s par l\u2019outil sont, par exemple, les pages consult\u00e9es, la date, l\u2019heure, la dur\u00e9e et la fr\u00e9quence des visites ainsi que les liens cliqu\u00e9s. Le type de syst\u00e8me d\u2019exploitation de l\u2019ordinateur de l\u2019utilisateur ainsi que la langue de celui-ci, le nom du fournisseur de services Internet et la position g\u00e9ographique (la r\u00e9gion) font aussi partie des enseignements collect\u00e9s. L\u2019adresse IP est \u00e9galement recueillie, mais elle est anonymis\u00e9e (tronqu\u00e9e) afin d\u2019assurer la confidentialit\u00e9 des renseignements de l\u2019utilisateur. L\u2019anonymisation d\u2019une adresse IP permet d\u2019emp\u00eacher que l\u2019identit\u00e9 d\u2019un internaute soit connue au moyen de celle-ci.<\/p>\n<p>Google n\u2019utilise les renseignements collect\u00e9s que pour produire des statistiques et des rapports sur la navigation sur ce site, ce qui permet \u00e0 Prima Ressource d\u2019am\u00e9liorer sa prestation \u00e9lectronique de services. Google ne mettra en aucun cas en relation les renseignements collect\u00e9s sur ce site avec une autre donn\u00e9e qu\u2019il conserve.<\/p>\n<p>Si l\u2019utilisateur le d\u00e9sire, il est possible d\u2019emp\u00eacher l\u2019enregistrement par Google des renseignements relatifs \u00e0 la navigation en\u00a0<a href=\"https:\/\/tools.google.com\/dlpage\/gaoptout?hl=fr\">installant sur l\u2019appareil utilis\u00e9 le module compl\u00e9mentaire de navigateur pour la d\u00e9sactivation de Google Analytics<\/a>.<\/p>\n<p>&nbsp;<\/p>\n<p><strong>Renseignements personnels et confidentiels<\/strong><\/p>\n<p>En navigant sur le site de Prima Ressource, l\u2019utilisateur peut avoir \u00e0 fournir des renseignements personnels pour acc\u00e9der \u00e0 certains contenus ou envoyer des demandes.<\/p>\n<p>La collecte de renseignements personnels peut se faire de plusieurs fa\u00e7ons, incluant :<\/p>\n<ul>\n<li>les formulaires;<\/li>\n<li>les fen\u00eatres pop-up,<\/li>\n<li>les questionnaires;<\/li>\n<li>le clavardage.<\/li>\n<\/ul>\n<p>Prima Ressource s\u2019assure de collecter uniquement les renseignements pertinents pour am\u00e9liorer la communication avec l\u2019utilisateur.<\/p>\n<p>&nbsp;<\/p>\n<p><strong>Partage des renseignements personnels<\/strong><\/p>\n<p>Prima Ressource ne commercialise pas les renseignements personnels collect\u00e9s de l\u2019Utilisateur. Les situations o\u00f9 les renseignements personnels peuvent \u00eatre partag\u00e9s sont la diffusion aux diff\u00e9rents services de Prima Ressource et l&rsquo;application de la loi ou de demandes l\u00e9gales.<\/p>\n<p>L\u2019utilisateur comprend que Prima Ressource peut en tout temps partager ses renseignements personnels lors d\u2019une cession partielle ou totale de l\u2019activit\u00e9 \u00e0 un tiers. Dans un tel cas, les renseignements c\u00e9d\u00e9s en tant qu\u2019actifs de Prima Ressource seront soumis aux m\u00eames garanties que celles de la pr\u00e9sente Politique.<\/p>\n<p>Si l\u2019utilisateur ne souhaite pas que ses renseignements personnels soient communiqu\u00e9s \u00e0 des tiers ou des partenaires, il lui est possible de s\u2019y opposer \u00e0 tout moment, comme mentionn\u00e9 dans la section suivante.<\/p>\n<p>Prima Ressource peut, dans les cas suivants, communiquer exceptionnellement les renseignements personnels de l\u2019utilisateur sans son consentement :<\/p>\n<p>En cas d\u2019obligation l\u00e9gale, notamment lorsqu\u2019une ordonnance d\u2019un Tribunal oblige Prima Ressource \u00e0 communiquer les renseignements personnels de l\u2019utilisateur.<\/p>\n<p>Lorsqu\u2019il est impossible d\u2019obtenir le consentement de l\u2019utilisateur et que les lois sur la protection de la vie priv\u00e9e permettent \u00e0 Prima Ressource de communiquer ces renseignements personnels. C\u2019est notamment le cas lorsque la protection de l\u2019int\u00e9r\u00eat public l\u2019exige.<\/p>\n<p>&nbsp;<\/p>\n<p><strong>Lois anti-pourriel<\/strong><\/p>\n<p>Prima Ressource se conforme aux exigences de la Loi canadienne Anti-Pourriel (LCAP). L\u2019utilisateur comprend qu\u2019il peut consentir express\u00e9ment ou tacitement \u00e0 recevoir des messages de la part de Prima Ressource.<\/p>\n<p>Le consentement expr\u00e8s est le consentement demand\u00e9 \u00e0 l\u2019utilisateur, consentement qui doit \u00eatre \u00e9nonc\u00e9\u0301 en termes simples et clairs, et doit inclure les fins auxquels le consentement est sollicit\u00e9\u0301.<\/p>\n<p>L\u2019utilisateur comprend qu\u2019il donne son consentement tacite lors des relations d\u2019affaires en cours ou des relations priv\u00e9es en cours, lorsque l\u2019utilisateur publie son adresse \u00e9lectronique sans mentionner qu\u2019il ne d\u00e9sire pas recevoir de messages \u00e9lectroniques commerciaux non sollicit\u00e9s ou lorsque le message est envoy\u00e9\u0301 dans les autres circonstances pr\u00e9vues par les r\u00e8glements pris en vertu de cette loi.<\/p>\n<p>Pour vous d\u00e9sinscrire de notre liste d\u2019envoi de communications \u00e9lectroniques, il vous suffit d\u2019utiliser le lien de gestion des pr\u00e9f\u00e9rences ou de d\u00e9sinscription inclus dans chaque courriel ou de nous contacter \u00e0 l\u2019adresse suivante :\u00a0<a href=\"mailto:info@primaressource.com\">info@primaressource.com<\/a>.<\/p>\n<p>&nbsp;<\/p>\n<p><strong>S\u00e9curit\u00e9<\/strong><\/p>\n<p>Les renseignements personnels collect\u00e9s par Prima Ressource sont conserv\u00e9s dans un environnement s\u00e9curis\u00e9. L\u2019organisation a adopt\u00e9 des mesures appropri\u00e9es afin de pr\u00e9server la confidentialit\u00e9 des renseignements personnels et de les prot\u00e9ger contre la perte ou le vol, ainsi que l\u2019acc\u00e8s, la communication, la reproduction, l\u2019utilisation ou la modification non autoris\u00e9s, en tenant compte, notamment, de leur sensibilit\u00e9 et des fins auxquelles ils sont employ\u00e9s.<\/p>\n<p>Pour assurer la s\u00e9curit\u00e9 des renseignements personnels de l\u2019utilisateur, Prima Ressource a recours \u00e0 des mesures mat\u00e9rielles, administratives et techniques qui sont celles, raisonnablement attendues d\u2019une organisation exer\u00e7ant les m\u00eames activit\u00e9s.<\/p>\n<p>Toutefois, comme aucun m\u00e9canisme n\u2019offre une s\u00e9curit\u00e9 maximale, une part de risque est toujours pr\u00e9sente lorsqu\u2019on utilise Internet pour transmettre des renseignements personnels.<\/p>\n<p>&nbsp;<\/p>\n<p><strong>Hyperliens vers des sites tiers<\/strong><\/p>\n<p>Le site peut contenir des hyperliens vers des sites tiers qui feront quitter le site. Prima Ressource fournit ces hyperliens par commodit\u00e9. Les sites tiers ne sont pas sous le contr\u00f4le de Prima Ressource, qui n\u2019a donc aucun contr\u00f4le sur les pratiques en mati\u00e8re de vie priv\u00e9e et de confidentialit\u00e9 des sites tiers. Par cons\u00e9quent, tout renseignement confidentiel ou renseignement personnel que vous transmettez par l\u2019interm\u00e9diaire des sites tiers est assujetti \u00e0 la politique de protection de la vie priv\u00e9e de ces sites tiers. Il est de la responsabilit\u00e9 de l\u2019utilisateur d\u2019en prendre connaissance afin d\u2019assurer la protection des renseignements qui le concerne.<\/p>\n<p><strong>Questions, commentaires ou suggestions<\/strong><\/p>\n<p>Pour toute question, commentaire ou suggestions sur la pr\u00e9sente Politique de confidentialit\u00e9, l\u2019utilisateur peut communiquer avec Prima Ressource \u00e0 l\u2019adresse courriel:\u00a0<a href=\"mailto:info@primaressource.com\">info@primaressource.com<\/a>.<\/p>\n<\/div>\n  <\/div>\n<\/section>\n","protected":false},"excerpt":{"rendered":"","protected":false},"author":1,"featured_media":0,"parent":0,"menu_order":0,"comment_status":"closed","ping_status":"open","template":"page-generic.php","meta":{"_acf_changed":false,"footnotes":""},"class_list":["post-772","page","type-page","status-publish","hentry"],"acf":[],"yoast_head":"<!-- This site is optimized with the Yoast SEO plugin v27.4 - https:\/\/yoast.com\/product\/yoast-seo-wordpress\/ -->\n<title>Politique de confidentialit\u00e9 et conditions d&#039;utilisation - Prima Ressource<\/title>\n<meta name=\"robots\" content=\"index, follow, max-snippet:-1, max-image-preview:large, max-video-preview:-1\" \/>\n<link rel=\"canonical\" href=\"https:\/\/www.primaressource.com\/fr\/politique-de-confidentialite-et-conditions-dutilisation\/\" \/>\n<meta property=\"og:locale\" content=\"fr_FR\" \/>\n<meta property=\"og:type\" content=\"article\" \/>\n<meta property=\"og:title\" content=\"Politique de confidentialit\u00e9 et conditions d&#039;utilisation - Prima Ressource\" \/>\n<meta property=\"og:url\" content=\"https:\/\/www.primaressource.com\/fr\/politique-de-confidentialite-et-conditions-dutilisation\/\" \/>\n<meta property=\"og:site_name\" content=\"Prima Ressource\" \/>\n<meta property=\"article:publisher\" content=\"https:\/\/www.facebook.com\/primaressource\/\" \/>\n<meta property=\"article:modified_time\" content=\"2026-02-18T22:39:05+00:00\" \/>\n<meta name=\"twitter:card\" content=\"summary_large_image\" \/>\n<meta name=\"twitter:site\" content=\"@primaressource\" \/>\n<script type=\"application\/ld+json\" class=\"yoast-schema-graph\">{\"@context\":\"https:\\\/\\\/schema.org\",\"@graph\":[{\"@type\":\"WebPage\",\"@id\":\"https:\\\/\\\/www.primaressource.com\\\/fr\\\/politique-de-confidentialite-et-conditions-dutilisation\\\/\",\"url\":\"https:\\\/\\\/www.primaressource.com\\\/fr\\\/politique-de-confidentialite-et-conditions-dutilisation\\\/\",\"name\":\"Politique de confidentialit\u00e9 et conditions d'utilisation - Prima Ressource\",\"isPartOf\":{\"@id\":\"https:\\\/\\\/www.primaressource.com\\\/#website\"},\"datePublished\":\"2025-11-22T20:23:27+00:00\",\"dateModified\":\"2026-02-18T22:39:05+00:00\",\"breadcrumb\":{\"@id\":\"https:\\\/\\\/www.primaressource.com\\\/fr\\\/politique-de-confidentialite-et-conditions-dutilisation\\\/#breadcrumb\"},\"inLanguage\":\"fr-FR\",\"potentialAction\":[{\"@type\":\"ReadAction\",\"target\":[\"https:\\\/\\\/www.primaressource.com\\\/fr\\\/politique-de-confidentialite-et-conditions-dutilisation\\\/\"]}]},{\"@type\":\"BreadcrumbList\",\"@id\":\"https:\\\/\\\/www.primaressource.com\\\/fr\\\/politique-de-confidentialite-et-conditions-dutilisation\\\/#breadcrumb\",\"itemListElement\":[{\"@type\":\"ListItem\",\"position\":1,\"name\":\"Home\",\"item\":\"https:\\\/\\\/www.primaressource.com\\\/fr\\\/accueil\\\/\"},{\"@type\":\"ListItem\",\"position\":2,\"name\":\"Politique de confidentialit\u00e9 et conditions d&#8217;utilisation\"}]},{\"@type\":\"WebSite\",\"@id\":\"https:\\\/\\\/www.primaressource.com\\\/#website\",\"url\":\"https:\\\/\\\/www.primaressource.com\\\/\",\"name\":\"Prima Ressource\",\"description\":\"\",\"publisher\":{\"@id\":\"https:\\\/\\\/www.primaressource.com\\\/#organization\"},\"potentialAction\":[{\"@type\":\"SearchAction\",\"target\":{\"@type\":\"EntryPoint\",\"urlTemplate\":\"https:\\\/\\\/www.primaressource.com\\\/?s={search_term_string}\"},\"query-input\":{\"@type\":\"PropertyValueSpecification\",\"valueRequired\":true,\"valueName\":\"search_term_string\"}}],\"inLanguage\":\"fr-FR\"},{\"@type\":\"Organization\",\"@id\":\"https:\\\/\\\/www.primaressource.com\\\/#organization\",\"name\":\"Prima Ressource\",\"url\":\"https:\\\/\\\/www.primaressource.com\\\/\",\"logo\":{\"@type\":\"ImageObject\",\"inLanguage\":\"fr-FR\",\"@id\":\"https:\\\/\\\/www.primaressource.com\\\/#\\\/schema\\\/logo\\\/image\\\/\",\"url\":\"https:\\\/\\\/www.primaressource.com\\\/wp-content\\\/uploads\\\/2025\\\/11\\\/logo-prima-croissance-des-ventes.svg\",\"contentUrl\":\"https:\\\/\\\/www.primaressource.com\\\/wp-content\\\/uploads\\\/2025\\\/11\\\/logo-prima-croissance-des-ventes.svg\",\"width\":1,\"height\":1,\"caption\":\"Prima Ressource\"},\"image\":{\"@id\":\"https:\\\/\\\/www.primaressource.com\\\/#\\\/schema\\\/logo\\\/image\\\/\"},\"sameAs\":[\"https:\\\/\\\/www.facebook.com\\\/primaressource\\\/\",\"https:\\\/\\\/x.com\\\/primaressource\",\"https:\\\/\\\/www.linkedin.com\\\/company\\\/prima-ressource-inc.\\\/\",\"https:\\\/\\\/www.youtube.com\\\/channel\\\/UChSYS2HVsv4n4RAvuVh1bxA\"]}]}<\/script>\n<!-- \/ Yoast SEO plugin. -->","yoast_head_json":{"title":"Politique de confidentialit\u00e9 et conditions d'utilisation - Prima Ressource","robots":{"index":"index","follow":"follow","max-snippet":"max-snippet:-1","max-image-preview":"max-image-preview:large","max-video-preview":"max-video-preview:-1"},"canonical":"https:\/\/www.primaressource.com\/fr\/politique-de-confidentialite-et-conditions-dutilisation\/","og_locale":"fr_FR","og_type":"article","og_title":"Politique de confidentialit\u00e9 et conditions d'utilisation - Prima Ressource","og_url":"https:\/\/www.primaressource.com\/fr\/politique-de-confidentialite-et-conditions-dutilisation\/","og_site_name":"Prima Ressource","article_publisher":"https:\/\/www.facebook.com\/primaressource\/","article_modified_time":"2026-02-18T22:39:05+00:00","twitter_card":"summary_large_image","twitter_site":"@primaressource","schema":{"@context":"https:\/\/schema.org","@graph":[{"@type":"WebPage","@id":"https:\/\/www.primaressource.com\/fr\/politique-de-confidentialite-et-conditions-dutilisation\/","url":"https:\/\/www.primaressource.com\/fr\/politique-de-confidentialite-et-conditions-dutilisation\/","name":"Politique de confidentialit\u00e9 et conditions d'utilisation - Prima Ressource","isPartOf":{"@id":"https:\/\/www.primaressource.com\/#website"},"datePublished":"2025-11-22T20:23:27+00:00","dateModified":"2026-02-18T22:39:05+00:00","breadcrumb":{"@id":"https:\/\/www.primaressource.com\/fr\/politique-de-confidentialite-et-conditions-dutilisation\/#breadcrumb"},"inLanguage":"fr-FR","potentialAction":[{"@type":"ReadAction","target":["https:\/\/www.primaressource.com\/fr\/politique-de-confidentialite-et-conditions-dutilisation\/"]}]},{"@type":"BreadcrumbList","@id":"https:\/\/www.primaressource.com\/fr\/politique-de-confidentialite-et-conditions-dutilisation\/#breadcrumb","itemListElement":[{"@type":"ListItem","position":1,"name":"Home","item":"https:\/\/www.primaressource.com\/fr\/accueil\/"},{"@type":"ListItem","position":2,"name":"Politique de confidentialit\u00e9 et conditions d&#8217;utilisation"}]},{"@type":"WebSite","@id":"https:\/\/www.primaressource.com\/#website","url":"https:\/\/www.primaressource.com\/","name":"Prima Ressource","description":"","publisher":{"@id":"https:\/\/www.primaressource.com\/#organization"},"potentialAction":[{"@type":"SearchAction","target":{"@type":"EntryPoint","urlTemplate":"https:\/\/www.primaressource.com\/?s={search_term_string}"},"query-input":{"@type":"PropertyValueSpecification","valueRequired":true,"valueName":"search_term_string"}}],"inLanguage":"fr-FR"},{"@type":"Organization","@id":"https:\/\/www.primaressource.com\/#organization","name":"Prima Ressource","url":"https:\/\/www.primaressource.com\/","logo":{"@type":"ImageObject","inLanguage":"fr-FR","@id":"https:\/\/www.primaressource.com\/#\/schema\/logo\/image\/","url":"https:\/\/www.primaressource.com\/wp-content\/uploads\/2025\/11\/logo-prima-croissance-des-ventes.svg","contentUrl":"https:\/\/www.primaressource.com\/wp-content\/uploads\/2025\/11\/logo-prima-croissance-des-ventes.svg","width":1,"height":1,"caption":"Prima Ressource"},"image":{"@id":"https:\/\/www.primaressource.com\/#\/schema\/logo\/image\/"},"sameAs":["https:\/\/www.facebook.com\/primaressource\/","https:\/\/x.com\/primaressource","https:\/\/www.linkedin.com\/company\/prima-ressource-inc.\/","https:\/\/www.youtube.com\/channel\/UChSYS2HVsv4n4RAvuVh1bxA"]}]}},"_links":{"self":[{"href":"https:\/\/www.primaressource.com\/fr\/wp-json\/wp\/v2\/pages\/772","targetHints":{"allow":["GET"]}}],"collection":[{"href":"https:\/\/www.primaressource.com\/fr\/wp-json\/wp\/v2\/pages"}],"about":[{"href":"https:\/\/www.primaressource.com\/fr\/wp-json\/wp\/v2\/types\/page"}],"author":[{"embeddable":true,"href":"https:\/\/www.primaressource.com\/fr\/wp-json\/wp\/v2\/users\/1"}],"replies":[{"embeddable":true,"href":"https:\/\/www.primaressource.com\/fr\/wp-json\/wp\/v2\/comments?post=772"}],"version-history":[{"count":7,"href":"https:\/\/www.primaressource.com\/fr\/wp-json\/wp\/v2\/pages\/772\/revisions"}],"predecessor-version":[{"id":781,"href":"https:\/\/www.primaressource.com\/fr\/wp-json\/wp\/v2\/pages\/772\/revisions\/781"}],"wp:attachment":[{"href":"https:\/\/www.primaressource.com\/fr\/wp-json\/wp\/v2\/media?parent=772"}],"curies":[{"name":"wp","href":"https:\/\/api.w.org\/{rel}","templated":true}]}}